{"id":1788,"date":"2025-12-09T06:37:21","date_gmt":"2025-12-09T14:37:21","guid":{"rendered":"https:\/\/bcleanservicespro.com\/donacion\/"},"modified":"2026-03-12T08:31:55","modified_gmt":"2026-03-12T16:31:55","slug":"donacion","status":"publish","type":"page","link":"https:\/\/bcleanservicespro.com\/es\/donacion\/","title":{"rendered":"Comunidad"},"content":{"rendered":"\t\t<div data-elementor-type=\"wp-page\" data-elementor-id=\"1788\" class=\"elementor elementor-1788 elementor-24\" data-elementor-post-type=\"page\">\n\t\t\t\t<section class=\"elementor-element elementor-element-368d155 e-grid e-con-full e-con e-parent\" data-id=\"368d155\" data-element_type=\"container\" data-e-type=\"container\" data-settings=\"{&quot;background_background&quot;:&quot;classic&quot;}\">\n\t\t<div class=\"elementor-element elementor-element-296a391 e-con-full heroImage e-flex e-con e-child\" data-id=\"296a391\" data-element_type=\"container\" data-e-type=\"container\" data-settings=\"{&quot;background_background&quot;:&quot;classic&quot;}\">\n\t\t\t\t<\/div>\n\t\t\t\t<\/section>\n\t\t<div class=\"elementor-element elementor-element-0cd8ab4 e-con-full e-flex e-con e-parent\" data-id=\"0cd8ab4\" data-element_type=\"container\" data-e-type=\"container\">\n\t\t\t\t<div class=\"elementor-element elementor-element-63efdba elementor-widget elementor-widget-template\" data-id=\"63efdba\" data-element_type=\"widget\" data-e-type=\"widget\" data-widget_type=\"template.default\">\n\t\t\t\t<div class=\"elementor-widget-container\">\n\t\t\t\t\t\t\t<div class=\"elementor-template\">\n\t\t\t\t\t<div data-elementor-type=\"container\" data-elementor-id=\"1886\" class=\"elementor elementor-1886 elementor-589 elementor-589\" data-elementor-post-type=\"elementor_library\">\n\t\t\t\t<section class=\"elementor-element elementor-element-39725cb2 e-flex e-con-boxed e-con e-parent\" data-id=\"39725cb2\" data-element_type=\"container\" data-e-type=\"container\" data-settings=\"{&quot;background_background&quot;:&quot;classic&quot;}\">\n\t\t\t\t\t<div class=\"e-con-inner\">\n\t\t<div class=\"elementor-element elementor-element-5521c482 e-con-full e-flex e-con e-child\" data-id=\"5521c482\" data-element_type=\"container\" data-e-type=\"container\">\n\t\t\t\t<div class=\"elementor-element elementor-element-3d11b7d2 elementor-widget elementor-widget-image\" data-id=\"3d11b7d2\" data-element_type=\"widget\" data-e-type=\"widget\" data-widget_type=\"image.default\">\n\t\t\t\t\t\t\t\t\t\t\t\t\t\t\t<img fetchpriority=\"high\" decoding=\"async\" width=\"690\" height=\"477\" src=\"https:\/\/bcleanservicespro.com\/wp-content\/uploads\/2025\/12\/01-img-directly-donated-bclean.png\" class=\"attachment-full size-full wp-image-1723\" alt=\"\" srcset=\"https:\/\/bcleanservicespro.com\/wp-content\/uploads\/2025\/12\/01-img-directly-donated-bclean.png 690w, https:\/\/bcleanservicespro.com\/wp-content\/uploads\/2025\/12\/01-img-directly-donated-bclean-300x207.png 300w\" sizes=\"(max-width: 690px) 100vw, 690px\" \/>\t\t\t\t\t\t\t\t\t\t\t\t\t\t\t<\/div>\n\t\t\t\t<\/div>\n\t\t<div class=\"elementor-element elementor-element-182e2487 e-con-full e-flex e-con e-child\" data-id=\"182e2487\" data-element_type=\"container\" data-e-type=\"container\">\n\t\t\t\t<div class=\"elementor-element elementor-element-aa2d00d elementor-widget elementor-widget-heading\" data-id=\"aa2d00d\" data-element_type=\"widget\" data-e-type=\"widget\" data-widget_type=\"heading.default\">\n\t\t\t\t\t<span class=\"elementor-heading-title elementor-size-default\">Nos comprometemos con la transparencia y el apoyo a nuestra comunidad.<\/span>\t\t\t\t<\/div>\n\t\t\t\t<div class=\"elementor-element elementor-element-7cc8ec42 elementor-widget elementor-widget-heading\" data-id=\"7cc8ec42\" data-element_type=\"widget\" data-e-type=\"widget\" data-widget_type=\"heading.default\">\n\t\t\t\t\t<h2 class=\"elementor-heading-title elementor-size-default\"><b>Una parte de todas las ventas se dona<\/b> directamente <b>a la Fundaci\u00f3n del Hospital Infantil Rady<\/b><\/h2>\t\t\t\t<\/div>\n\t\t\t\t<div class=\"elementor-element elementor-element-b948867 blueText elementor-widget elementor-widget-text-editor\" data-id=\"b948867\" data-element_type=\"widget\" data-e-type=\"widget\" data-widget_type=\"text-editor.default\">\n\t\t\t\t\t\t\t\t\t<p>Esto es m\u00e1s que una contribuci\u00f3n; <strong>es un compromiso compartido con la salud y el bienestar de los ni\u00f1os que m\u00e1s lo necesitan.<\/strong> Cada servicio que contratas se convierte en una inversi\u00f3n directa en el futuro de estos valientes peque\u00f1os y sus familias, asegurando que reciban la atenci\u00f3n especializada y el apoyo humano que merecen.<\/p>\n\t\t\t\t\t\t\t\t<\/div>\n\t\t\t\t<\/div>\n\t\t\t\t\t<\/div>\n\t\t\t\t<\/section>\n\t\t\t\t<\/div>\n\t\t\t\t<\/div>\n\t\t\t\t\t\t<\/div>\n\t\t\t\t<\/div>\n\t\t\t\t<\/div>\n\t\t<section class=\"elementor-element elementor-element-da4edce e-flex e-con-boxed e-con e-parent\" data-id=\"da4edce\" data-element_type=\"container\" data-e-type=\"container\" data-settings=\"{&quot;background_background&quot;:&quot;gradient&quot;}\">\n\t\t\t\t\t<div class=\"e-con-inner\">\n\t\t<div class=\"elementor-element elementor-element-fb86d0f e-con-full e-flex e-con e-child\" data-id=\"fb86d0f\" data-element_type=\"container\" data-e-type=\"container\">\n\t\t\t\t<div class=\"elementor-element elementor-element-51f9c16 elementor-widget elementor-widget-heading\" data-id=\"51f9c16\" data-element_type=\"widget\" data-e-type=\"widget\" data-widget_type=\"heading.default\">\n\t\t\t\t\t<span class=\"elementor-heading-title elementor-size-default\">BClean Services<\/span>\t\t\t\t<\/div>\n\t\t\t\t<div class=\"elementor-element elementor-element-21f2144 elementor-widget elementor-widget-heading\" data-id=\"21f2144\" data-element_type=\"widget\" data-e-type=\"widget\" data-widget_type=\"heading.default\">\n\t\t\t\t\t<h2 class=\"elementor-heading-title elementor-size-default\"><b>Nosotros limpiamos,<\/b> ellos sanan<\/h2>\t\t\t\t<\/div>\n\t\t\t\t<div class=\"elementor-element elementor-element-f751c05 blueText elementor-widget elementor-widget-text-editor\" data-id=\"f751c05\" data-element_type=\"widget\" data-e-type=\"widget\" data-widget_type=\"text-editor.default\">\n\t\t\t\t\t\t\t\t\t<p>Con orgullo, apoyamos a la Fundaci\u00f3n del Hospital Infantil Rady donando una parte de cada venta.<\/p>\n\t\t\t\t\t\t\t\t<\/div>\n\t\t\t\t<div class=\"elementor-element elementor-element-3b5257a elementor-widget elementor-widget-heading\" data-id=\"3b5257a\" data-element_type=\"widget\" data-e-type=\"widget\" data-widget_type=\"heading.default\">\n\t\t\t\t\t<h2 class=\"elementor-heading-title elementor-size-default\"><b>As\u00ed es como <\/b>retribuimos<\/h2>\t\t\t\t<\/div>\n\t\t\t\t<div class=\"elementor-element elementor-element-a357ca8 blueText elementor-widget elementor-widget-text-editor\" data-id=\"a357ca8\" data-element_type=\"widget\" data-e-type=\"widget\" data-widget_type=\"text-editor.default\">\n\t\t\t\t\t\t\t\t\t<p>BClean Services fue fundada por Brenda Bravo con el sue\u00f1o de ofrecer servicios de limpieza profesional y ecol\u00f3gica a los hogares del sur de California.<\/p>\n<p>Desde sus inicios, BClean ha cumplido ese prop\u00f3sito y, con la mirada puesta a\u00fan m\u00e1s alto, creemos que devolver a la comunidad no es una opci\u00f3n, sino una responsabilidad. Esto nos llev\u00f3 a destinar una parte de nuestras ventas a la Fundaci\u00f3n del Hospital Infantil Rady.<\/p>\n<p>A medida que nuestra empresa crece, nos comprometemos a aumentar nuestra aportaci\u00f3n y a ser m\u00e1s transparentes al respecto. Esperamos que nuestros clientes compartan esta visi\u00f3n, y tenemos la ilusi\u00f3n de fortalecer cada vez m\u00e1s nuestra relaci\u00f3n con la Fundaci\u00f3n del Hospital Infantil Rady y con la comunidad local.<\/p>\n<p>Gracias por apoyar nuestra misi\u00f3n de ayudar a los ni\u00f1os a trav\u00e9s de nuestros servicios.<\/p>\n\t\t\t\t\t\t\t\t<\/div>\n\t\t\t\t<div class=\"elementor-element elementor-element-0dbce7b btn01 elementor-widget elementor-widget-button\" data-id=\"0dbce7b\" data-element_type=\"widget\" data-e-type=\"widget\" data-widget_type=\"button.default\">\n\t\t\t\t\t\t\t\t\t\t<a class=\"elementor-button elementor-button-link elementor-size-sm\" href=\"https:\/\/bcleanservicespro.com\/es\/contacto\/\">\n\t\t\t\t\t\t<span class=\"elementor-button-content-wrapper\">\n\t\t\t\t\t\t<span class=\"elementor-button-icon\">\n\t\t\t\t<svg aria-hidden=\"true\" class=\"e-font-icon-svg e-fas-arrow-right\" viewBox=\"0 0 448 512\" xmlns=\"http:\/\/www.w3.org\/2000\/svg\"><path d=\"M190.5 66.9l22.2-22.2c9.4-9.4 24.6-9.4 33.9 0L441 239c9.4 9.4 9.4 24.6 0 33.9L246.6 467.3c-9.4 9.4-24.6 9.4-33.9 0l-22.2-22.2c-9.5-9.5-9.3-25 .4-34.3L311.4 296H24c-13.3 0-24-10.7-24-24v-32c0-13.3 10.7-24 24-24h287.4L190.9 101.2c-9.8-9.3-10-24.8-.4-34.3z\"><\/path><\/svg>\t\t\t<\/span>\n\t\t\t\t\t\t\t\t\t<span class=\"elementor-button-text\">Reserva una limpieza y genera un impacto real.<\/span>\n\t\t\t\t\t<\/span>\n\t\t\t\t\t<\/a>\n\t\t\t\t\t\t\t\t<\/div>\n\t\t\t\t<\/div>\n\t\t<div class=\"elementor-element elementor-element-e8f2065 e-con-full e-flex e-con e-child\" data-id=\"e8f2065\" data-element_type=\"container\" data-e-type=\"container\">\n\t\t<div class=\"elementor-element elementor-element-bb48773 e-con-full e-flex e-con e-child\" data-id=\"bb48773\" data-element_type=\"container\" data-e-type=\"container\">\n\t\t\t\t<div class=\"elementor-element elementor-element-3aaaa4d elementor-widget elementor-widget-image\" data-id=\"3aaaa4d\" data-element_type=\"widget\" data-e-type=\"widget\" data-widget_type=\"image.default\">\n\t\t\t\t\t\t\t\t\t\t\t\t\t\t\t<img decoding=\"async\" width=\"320\" height=\"480\" src=\"https:\/\/bcleanservicespro.com\/wp-content\/uploads\/2026\/02\/f809a6c7407ca21cfa0a8f3bebe61f42e5a3fd72-Pequeno.webp\" class=\"attachment-large size-large wp-image-1786\" alt=\"\" srcset=\"https:\/\/bcleanservicespro.com\/wp-content\/uploads\/2026\/02\/f809a6c7407ca21cfa0a8f3bebe61f42e5a3fd72-Pequeno.webp 320w, https:\/\/bcleanservicespro.com\/wp-content\/uploads\/2026\/02\/f809a6c7407ca21cfa0a8f3bebe61f42e5a3fd72-Pequeno-200x300.webp 200w\" sizes=\"(max-width: 320px) 100vw, 320px\" \/>\t\t\t\t\t\t\t\t\t\t\t\t\t\t\t<\/div>\n\t\t\t\t<\/div>\n\t\t<div class=\"elementor-element elementor-element-96fd722 e-con-full e-flex e-con e-child\" data-id=\"96fd722\" data-element_type=\"container\" data-e-type=\"container\">\n\t\t\t\t<div class=\"elementor-element elementor-element-02110f5 elementor-widget elementor-widget-image\" data-id=\"02110f5\" data-element_type=\"widget\" data-e-type=\"widget\" data-widget_type=\"image.default\">\n\t\t\t\t\t\t\t\t\t\t\t\t\t\t\t<img decoding=\"async\" width=\"320\" height=\"480\" src=\"https:\/\/bcleanservicespro.com\/wp-content\/uploads\/2026\/02\/4e7d7ef93a96ae88af15cbdbd35f072d6ce46caa-Pequeno.webp\" class=\"attachment-large size-large wp-image-1787\" alt=\"\" srcset=\"https:\/\/bcleanservicespro.com\/wp-content\/uploads\/2026\/02\/4e7d7ef93a96ae88af15cbdbd35f072d6ce46caa-Pequeno.webp 320w, https:\/\/bcleanservicespro.com\/wp-content\/uploads\/2026\/02\/4e7d7ef93a96ae88af15cbdbd35f072d6ce46caa-Pequeno-200x300.webp 200w\" sizes=\"(max-width: 320px) 100vw, 320px\" \/>\t\t\t\t\t\t\t\t\t\t\t\t\t\t\t<\/div>\n\t\t\t\t<\/div>\n\t\t\t\t<\/div>\n\t\t\t\t\t<\/div>\n\t\t\t\t<\/section>\n\t\t\t\t<\/div>\n\t\t","protected":false},"excerpt":{"rendered":"<p>BClean Services Nosotros limpiamos, ellos sanan Con orgullo, apoyamos a la Fundaci\u00f3n del Hospital Infantil Rady donando una parte de cada venta. As\u00ed es como retribuimos BClean Services fue fundada por Brenda Bravo con el sue\u00f1o de ofrecer servicios de limpieza profesional y ecol\u00f3gica a los hogares del sur de California. Desde sus inicios, BClean [&hellip;]<\/p>\n","protected":false},"author":1,"featured_media":1785,"parent":0,"menu_order":4,"comment_status":"closed","ping_status":"closed","template":"","meta":{"footnotes":""},"class_list":["post-1788","page","type-page","status-publish","has-post-thumbnail","hentry"],"yoast_head":"<!-- This site is optimized with the Yoast SEO Premium plugin v26.7 (Yoast SEO v27.5) - https:\/\/yoast.com\/product\/yoast-seo-premium-wordpress\/ -->\n<title>Limpieza profesional con impacto social | BClean<\/title>\n<meta name=\"description\" content=\"Contrata limpieza profesional y apoya a ni\u00f1os necesitados. Parte de cada servicio se dona al hospital infantil. Reserva hoy.\" \/>\n<meta name=\"robots\" content=\"index, follow, max-snippet:-1, max-image-preview:large, max-video-preview:-1\" \/>\n<link rel=\"canonical\" href=\"https:\/\/bcleanservicespro.com\/es\/donacion\/\" \/>\n<meta property=\"og:locale\" content=\"es_ES\" \/>\n<meta property=\"og:type\" content=\"article\" \/>\n<meta property=\"og:title\" content=\"Comunidad\" \/>\n<meta property=\"og:description\" content=\"Contrata limpieza profesional y apoya a ni\u00f1os necesitados. Parte de cada servicio se dona al hospital infantil. Reserva hoy.\" \/>\n<meta property=\"og:url\" content=\"https:\/\/bcleanservicespro.com\/es\/donacion\/\" \/>\n<meta property=\"og:site_name\" content=\"BClean Services Professional Cleaning\" \/>\n<meta property=\"article:modified_time\" content=\"2026-03-12T16:31:55+00:00\" \/>\n<meta property=\"og:image\" content=\"https:\/\/bcleanservicespro.com\/wp-content\/uploads\/2026\/01\/01-bg-hero-donations.jpg\" \/>\n\t<meta property=\"og:image:width\" content=\"2500\" \/>\n\t<meta property=\"og:image:height\" content=\"1464\" \/>\n\t<meta property=\"og:image:type\" content=\"image\/jpeg\" \/>\n<meta name=\"twitter:card\" content=\"summary_large_image\" \/>\n<meta name=\"twitter:label1\" content=\"Tiempo de lectura\" \/>\n\t<meta name=\"twitter:data1\" content=\"1 minuto\" \/>\n<script type=\"application\/ld+json\" class=\"yoast-schema-graph\">{\"@context\":\"https:\\\/\\\/schema.org\",\"@graph\":[{\"@type\":\"WebPage\",\"@id\":\"https:\\\/\\\/bcleanservicespro.com\\\/es\\\/donacion\\\/\",\"url\":\"https:\\\/\\\/bcleanservicespro.com\\\/es\\\/donacion\\\/\",\"name\":\"Limpieza profesional con impacto social | BClean\",\"isPartOf\":{\"@id\":\"https:\\\/\\\/bcleanservicespro.com\\\/es\\\/#website\"},\"primaryImageOfPage\":{\"@id\":\"https:\\\/\\\/bcleanservicespro.com\\\/es\\\/donacion\\\/#primaryimage\"},\"image\":{\"@id\":\"https:\\\/\\\/bcleanservicespro.com\\\/es\\\/donacion\\\/#primaryimage\"},\"thumbnailUrl\":\"https:\\\/\\\/bcleanservicespro.com\\\/wp-content\\\/uploads\\\/2026\\\/01\\\/01-bg-hero-donations.jpg\",\"datePublished\":\"2025-12-09T14:37:21+00:00\",\"dateModified\":\"2026-03-12T16:31:55+00:00\",\"description\":\"Contrata limpieza profesional y apoya a ni\u00f1os necesitados. Parte de cada servicio se dona al hospital infantil. Reserva hoy.\",\"breadcrumb\":{\"@id\":\"https:\\\/\\\/bcleanservicespro.com\\\/es\\\/donacion\\\/#breadcrumb\"},\"inLanguage\":\"es\",\"potentialAction\":[{\"@type\":\"ReadAction\",\"target\":[\"https:\\\/\\\/bcleanservicespro.com\\\/es\\\/donacion\\\/\"]}]},{\"@type\":\"ImageObject\",\"inLanguage\":\"es\",\"@id\":\"https:\\\/\\\/bcleanservicespro.com\\\/es\\\/donacion\\\/#primaryimage\",\"url\":\"https:\\\/\\\/bcleanservicespro.com\\\/wp-content\\\/uploads\\\/2026\\\/01\\\/01-bg-hero-donations.jpg\",\"contentUrl\":\"https:\\\/\\\/bcleanservicespro.com\\\/wp-content\\\/uploads\\\/2026\\\/01\\\/01-bg-hero-donations.jpg\",\"width\":2500,\"height\":1464},{\"@type\":\"BreadcrumbList\",\"@id\":\"https:\\\/\\\/bcleanservicespro.com\\\/es\\\/donacion\\\/#breadcrumb\",\"itemListElement\":[{\"@type\":\"ListItem\",\"position\":1,\"name\":\"Portada\",\"item\":\"https:\\\/\\\/bcleanservicespro.com\\\/es\\\/\"},{\"@type\":\"ListItem\",\"position\":2,\"name\":\"Comunidad\"}]},{\"@type\":\"WebSite\",\"@id\":\"https:\\\/\\\/bcleanservicespro.com\\\/es\\\/#website\",\"url\":\"https:\\\/\\\/bcleanservicespro.com\\\/es\\\/\",\"name\":\"BClean Services Professional Cleaning\",\"description\":\"Your home should be your sanctuary, not your second shift\",\"publisher\":{\"@id\":\"https:\\\/\\\/bcleanservicespro.com\\\/es\\\/#organization\"},\"potentialAction\":[{\"@type\":\"SearchAction\",\"target\":{\"@type\":\"EntryPoint\",\"urlTemplate\":\"https:\\\/\\\/bcleanservicespro.com\\\/es\\\/?s={search_term_string}\"},\"query-input\":{\"@type\":\"PropertyValueSpecification\",\"valueRequired\":true,\"valueName\":\"search_term_string\"}}],\"inLanguage\":\"es\"},{\"@type\":\"Organization\",\"@id\":\"https:\\\/\\\/bcleanservicespro.com\\\/es\\\/#organization\",\"name\":\"BClean Services Professional Cleaning\",\"url\":\"https:\\\/\\\/bcleanservicespro.com\\\/es\\\/\",\"logo\":{\"@type\":\"ImageObject\",\"inLanguage\":\"es\",\"@id\":\"https:\\\/\\\/bcleanservicespro.com\\\/es\\\/#\\\/schema\\\/logo\\\/image\\\/\",\"url\":\"https:\\\/\\\/bcleanservicespro.com\\\/wp-content\\\/uploads\\\/2025\\\/12\\\/logo-bclean.png\",\"contentUrl\":\"https:\\\/\\\/bcleanservicespro.com\\\/wp-content\\\/uploads\\\/2025\\\/12\\\/logo-bclean.png\",\"width\":169,\"height\":129,\"caption\":\"BClean Services Professional Cleaning\"},\"image\":{\"@id\":\"https:\\\/\\\/bcleanservicespro.com\\\/es\\\/#\\\/schema\\\/logo\\\/image\\\/\"}}]}<\/script>\n<!-- \/ Yoast SEO Premium plugin. -->","yoast_head_json":{"title":"Limpieza profesional con impacto social | BClean","description":"Contrata limpieza profesional y apoya a ni\u00f1os necesitados. Parte de cada servicio se dona al hospital infantil. Reserva hoy.","robots":{"index":"index","follow":"follow","max-snippet":"max-snippet:-1","max-image-preview":"max-image-preview:large","max-video-preview":"max-video-preview:-1"},"canonical":"https:\/\/bcleanservicespro.com\/es\/donacion\/","og_locale":"es_ES","og_type":"article","og_title":"Comunidad","og_description":"Contrata limpieza profesional y apoya a ni\u00f1os necesitados. Parte de cada servicio se dona al hospital infantil. Reserva hoy.","og_url":"https:\/\/bcleanservicespro.com\/es\/donacion\/","og_site_name":"BClean Services Professional Cleaning","article_modified_time":"2026-03-12T16:31:55+00:00","og_image":[{"width":2500,"height":1464,"url":"https:\/\/bcleanservicespro.com\/wp-content\/uploads\/2026\/01\/01-bg-hero-donations.jpg","type":"image\/jpeg"}],"twitter_card":"summary_large_image","twitter_misc":{"Tiempo de lectura":"1 minuto"},"schema":{"@context":"https:\/\/schema.org","@graph":[{"@type":"WebPage","@id":"https:\/\/bcleanservicespro.com\/es\/donacion\/","url":"https:\/\/bcleanservicespro.com\/es\/donacion\/","name":"Limpieza profesional con impacto social | BClean","isPartOf":{"@id":"https:\/\/bcleanservicespro.com\/es\/#website"},"primaryImageOfPage":{"@id":"https:\/\/bcleanservicespro.com\/es\/donacion\/#primaryimage"},"image":{"@id":"https:\/\/bcleanservicespro.com\/es\/donacion\/#primaryimage"},"thumbnailUrl":"https:\/\/bcleanservicespro.com\/wp-content\/uploads\/2026\/01\/01-bg-hero-donations.jpg","datePublished":"2025-12-09T14:37:21+00:00","dateModified":"2026-03-12T16:31:55+00:00","description":"Contrata limpieza profesional y apoya a ni\u00f1os necesitados. Parte de cada servicio se dona al hospital infantil. Reserva hoy.","breadcrumb":{"@id":"https:\/\/bcleanservicespro.com\/es\/donacion\/#breadcrumb"},"inLanguage":"es","potentialAction":[{"@type":"ReadAction","target":["https:\/\/bcleanservicespro.com\/es\/donacion\/"]}]},{"@type":"ImageObject","inLanguage":"es","@id":"https:\/\/bcleanservicespro.com\/es\/donacion\/#primaryimage","url":"https:\/\/bcleanservicespro.com\/wp-content\/uploads\/2026\/01\/01-bg-hero-donations.jpg","contentUrl":"https:\/\/bcleanservicespro.com\/wp-content\/uploads\/2026\/01\/01-bg-hero-donations.jpg","width":2500,"height":1464},{"@type":"BreadcrumbList","@id":"https:\/\/bcleanservicespro.com\/es\/donacion\/#breadcrumb","itemListElement":[{"@type":"ListItem","position":1,"name":"Portada","item":"https:\/\/bcleanservicespro.com\/es\/"},{"@type":"ListItem","position":2,"name":"Comunidad"}]},{"@type":"WebSite","@id":"https:\/\/bcleanservicespro.com\/es\/#website","url":"https:\/\/bcleanservicespro.com\/es\/","name":"BClean Services Professional Cleaning","description":"Your home should be your sanctuary, not your second shift","publisher":{"@id":"https:\/\/bcleanservicespro.com\/es\/#organization"},"potentialAction":[{"@type":"SearchAction","target":{"@type":"EntryPoint","urlTemplate":"https:\/\/bcleanservicespro.com\/es\/?s={search_term_string}"},"query-input":{"@type":"PropertyValueSpecification","valueRequired":true,"valueName":"search_term_string"}}],"inLanguage":"es"},{"@type":"Organization","@id":"https:\/\/bcleanservicespro.com\/es\/#organization","name":"BClean Services Professional Cleaning","url":"https:\/\/bcleanservicespro.com\/es\/","logo":{"@type":"ImageObject","inLanguage":"es","@id":"https:\/\/bcleanservicespro.com\/es\/#\/schema\/logo\/image\/","url":"https:\/\/bcleanservicespro.com\/wp-content\/uploads\/2025\/12\/logo-bclean.png","contentUrl":"https:\/\/bcleanservicespro.com\/wp-content\/uploads\/2025\/12\/logo-bclean.png","width":169,"height":129,"caption":"BClean Services Professional Cleaning"},"image":{"@id":"https:\/\/bcleanservicespro.com\/es\/#\/schema\/logo\/image\/"}}]}},"_links":{"self":[{"href":"https:\/\/bcleanservicespro.com\/es\/wp-json\/wp\/v2\/pages\/1788","targetHints":{"allow":["GET"]}}],"collection":[{"href":"https:\/\/bcleanservicespro.com\/es\/wp-json\/wp\/v2\/pages"}],"about":[{"href":"https:\/\/bcleanservicespro.com\/es\/wp-json\/wp\/v2\/types\/page"}],"author":[{"embeddable":true,"href":"https:\/\/bcleanservicespro.com\/es\/wp-json\/wp\/v2\/users\/1"}],"replies":[{"embeddable":true,"href":"https:\/\/bcleanservicespro.com\/es\/wp-json\/wp\/v2\/comments?post=1788"}],"version-history":[{"count":0,"href":"https:\/\/bcleanservicespro.com\/es\/wp-json\/wp\/v2\/pages\/1788\/revisions"}],"wp:featuredmedia":[{"embeddable":true,"href":"https:\/\/bcleanservicespro.com\/es\/wp-json\/wp\/v2\/media\/1785"}],"wp:attachment":[{"href":"https:\/\/bcleanservicespro.com\/es\/wp-json\/wp\/v2\/media?parent=1788"}],"curies":[{"name":"wp","href":"https:\/\/api.w.org\/{rel}","templated":true}]}}