{"id":1812,"date":"2025-12-30T12:56:08","date_gmt":"2025-12-30T20:56:08","guid":{"rendered":"https:\/\/bcleanservicespro.com\/politica-de-privacidad\/"},"modified":"2026-03-06T08:47:20","modified_gmt":"2026-03-06T16:47:20","slug":"politica-de-privacidad","status":"publish","type":"page","link":"https:\/\/bcleanservicespro.com\/es\/politica-de-privacidad\/","title":{"rendered":"Pol\u00edtica de Privacidad"},"content":{"rendered":"\t\t<div data-elementor-type=\"wp-page\" data-elementor-id=\"1812\" class=\"elementor elementor-1812 elementor-736\" data-elementor-post-type=\"page\">\n\t\t\t\t<div class=\"elementor-element elementor-element-20905b84 textLegalContent e-flex e-con-boxed e-con e-parent\" data-id=\"20905b84\" data-element_type=\"container\" data-e-type=\"container\">\n\t\t\t\t\t<div class=\"e-con-inner\">\n\t\t\t\t<div class=\"elementor-element elementor-element-5d543c9 elementor-widget elementor-widget-heading\" data-id=\"5d543c9\" data-element_type=\"widget\" data-e-type=\"widget\" data-widget_type=\"heading.default\">\n\t\t\t\t\t<h1 class=\"elementor-heading-title elementor-size-default\">Pol\u00edtica de Privacidad<\/h1>\t\t\t\t<\/div>\n\t\t\t\t<div class=\"elementor-element elementor-element-58025ec6 elementor-widget elementor-widget-text-editor\" data-id=\"58025ec6\" data-element_type=\"widget\" data-e-type=\"widget\" data-widget_type=\"text-editor.default\">\n\t\t\t\t\t\t\t\t\t<p>BClean Services Pro (\u201cnosotros\u201d, \u201cnuestro\u201d, \u201cnos\u201d) se compromete a proteger su privacidad. Esta Pol\u00edtica de Privacidad explica c\u00f3mo recopilamos, usamos, divulgamos y protegemos su informaci\u00f3n personal cuando visita nuestro sitio web bcleanservicespro.com (el \u00abSitio\u00bb) o interact\u00faa con nosotros en l\u00ednea.<\/p><h2 class=\"wp-block-heading\">Informaci\u00f3n que Recopilamos<\/h2><p>Podemos recopilar los siguientes tipos de informaci\u00f3n:<\/p><p><strong>Datos Personales:<\/strong><\/p><ul class=\"wp-block-list\"><li>Nombre, direcci\u00f3n de correo electr\u00f3nico, n\u00famero de tel\u00e9fono, direcci\u00f3n de facturaci\u00f3n, direcci\u00f3n de servicio, informaci\u00f3n de pago cuando solicita servicios o cita.<\/li><li>Datos de comunicaci\u00f3n cuando se comunica con nosotros por correo electr\u00f3nico, formularios o mensajer\u00eda.<\/li><\/ul><p><strong>Informaci\u00f3n t\u00e9cnica y Datos de uso:<\/strong><\/p><ul class=\"wp-block-list\"><li>Direcci\u00f3n IP, tipo de navegador, sistema operativo, datos del dispositivo y comportamiento de navegaci\u00f3n recopilados a trav\u00e9s de cookies y tecnolog\u00edas similares cuando visita el Sitio.<br \/>Wikipedia<\/li><\/ul><h2 class=\"wp-block-heading\">C\u00f3mo usamos su informaci\u00f3n<\/h2><p><strong>Utilizamos la informaci\u00f3n que recopilamos para:<\/strong><\/p><ul class=\"wp-block-list\"><li>Proporcionar y gestionar los servicios que solicita.<\/li><li>Responder a sus consultas y comunicarnos con usted.<\/li><li>Mejorar y personalizar su experiencia en el Sitio.<\/li><li>Procesar pagos y cumplir contratos.<\/li><li>Enviar recordatorios y actualizaciones de servicios.<\/li><\/ul><h2 class=\"wp-block-heading\">Cookies y seguimiento<\/h2><p>Podemos utilizar cookies y tecnolog\u00edas de seguimiento similares para mejorar la funcionalidad del sitio web y analizar los patrones de uso. Puede desactivar las cookies en su navegador, pero esto podr\u00eda afectar el funcionamiento del sitio.<\/p><h2 class=\"wp-block-heading\">Intercambio de informaci\u00f3n<\/h2><p><strong>No vendemos su informaci\u00f3n personal. Podemos compartir sus datos con:<\/strong><\/p><ul class=\"wp-block-list\"><li>Proveedores de servicios y socios que nos ayudan a prestar nuestros servicios.<\/li><li>Autoridades legales si as\u00ed lo exige la ley o para proteger nuestros derechos.<\/li><\/ul><h2 class=\"wp-block-heading\">Enlaces de terceros<\/h2><p>Nuestro sitio puede contener enlaces a sitios web de terceros. No nos hacemos responsables de las pr\u00e1cticas de privacidad de dichos sitios. Por favor, revise sus propias pol\u00edticas.<\/p><h2 class=\"wp-block-heading\">Seguridad de los datos<\/h2><p>Implementamos medidas de seguridad razonables para proteger su informaci\u00f3n personal del acceso, la divulgaci\u00f3n o la destrucci\u00f3n no autorizados.<\/p><h2 class=\"wp-block-heading\">Sus opciones<\/h2><p>Puede solicitar acceso a los datos personales que tenemos sobre usted, solicitar correcciones o solicitar la exclusi\u00f3n voluntaria de las comunicaciones de marketing poni\u00e9ndose en contacto con nosotros.<\/p><h2 class=\"wp-block-heading\">Cambios a esta Pol\u00edtica<\/h2><p>Podemos actualizar esta Pol\u00edtica de Privacidad en cualquier momento. La versi\u00f3n revisada se publicar\u00e1 en el Sitio con la fecha de entrada en vigor actualizada.<\/p><h2 class=\"wp-block-heading\">Cont\u00e1ctanos<\/h2><p>Si tiene alguna pregunta sobre esta pol\u00edtica, env\u00ede un correo electr\u00f3nico a: info@bcleanservicespro.com<\/p>\t\t\t\t\t\t\t\t<\/div>\n\t\t\t\t\t<\/div>\n\t\t\t\t<\/div>\n\t\t\t\t<\/div>\n\t\t","protected":false},"excerpt":{"rendered":"<p>BClean Services Pro (\u201cnosotros\u201d, \u201cnuestro\u201d, \u201cnos\u201d) se compromete a proteger su privacidad. Esta Pol\u00edtica de Privacidad explica c\u00f3mo recopilamos, usamos, divulgamos y protegemos su informaci\u00f3n personal cuando visita nuestro sitio web bcleanservicespro.com (el \u00abSitio\u00bb) o interact\u00faa con nosotros en l\u00ednea. Informaci\u00f3n que Recopilamos Podemos recopilar los siguientes tipos de informaci\u00f3n: Datos Personales: Nombre, direcci\u00f3n de [&hellip;]<\/p>\n","protected":false},"author":1,"featured_media":0,"parent":0,"menu_order":6,"comment_status":"closed","ping_status":"closed","template":"","meta":{"footnotes":""},"class_list":["post-1812","page","type-page","status-publish","hentry"],"yoast_head":"<!-- This site is optimized with the Yoast SEO Premium plugin v26.7 (Yoast SEO v27.5) - https:\/\/yoast.com\/product\/yoast-seo-premium-wordpress\/ -->\n<title>Pol\u00edtica de Privacidad - BClean Services Professional Cleaning<\/title>\n<meta name=\"robots\" content=\"index, follow, max-snippet:-1, max-image-preview:large, max-video-preview:-1\" \/>\n<link rel=\"canonical\" href=\"https:\/\/bcleanservicespro.com\/es\/politica-de-privacidad\/\" \/>\n<meta property=\"og:locale\" content=\"es_ES\" \/>\n<meta property=\"og:type\" content=\"article\" \/>\n<meta property=\"og:title\" content=\"Pol\u00edtica de Privacidad\" \/>\n<meta property=\"og:description\" content=\"BClean Services Pro (\u201cnosotros\u201d, \u201cnuestro\u201d, \u201cnos\u201d) se compromete a proteger su privacidad. Esta Pol\u00edtica de Privacidad explica c\u00f3mo recopilamos, usamos, divulgamos y protegemos su informaci\u00f3n personal cuando visita nuestro sitio web bcleanservicespro.com (el \u00abSitio\u00bb) o interact\u00faa con nosotros en l\u00ednea. Informaci\u00f3n que Recopilamos Podemos recopilar los siguientes tipos de informaci\u00f3n: Datos Personales: Nombre, direcci\u00f3n de [&hellip;]\" \/>\n<meta property=\"og:url\" content=\"https:\/\/bcleanservicespro.com\/es\/politica-de-privacidad\/\" \/>\n<meta property=\"og:site_name\" content=\"BClean Services Professional Cleaning\" \/>\n<meta property=\"article:modified_time\" content=\"2026-03-06T16:47:20+00:00\" \/>\n<meta name=\"twitter:card\" content=\"summary_large_image\" \/>\n<meta name=\"twitter:label1\" content=\"Tiempo de lectura\" \/>\n\t<meta name=\"twitter:data1\" content=\"2 minutos\" \/>\n<script type=\"application\/ld+json\" class=\"yoast-schema-graph\">{\"@context\":\"https:\\\/\\\/schema.org\",\"@graph\":[{\"@type\":\"WebPage\",\"@id\":\"https:\\\/\\\/bcleanservicespro.com\\\/es\\\/politica-de-privacidad\\\/\",\"url\":\"https:\\\/\\\/bcleanservicespro.com\\\/es\\\/politica-de-privacidad\\\/\",\"name\":\"Pol\u00edtica de Privacidad - BClean Services Professional Cleaning\",\"isPartOf\":{\"@id\":\"https:\\\/\\\/bcleanservicespro.com\\\/es\\\/#website\"},\"datePublished\":\"2025-12-30T20:56:08+00:00\",\"dateModified\":\"2026-03-06T16:47:20+00:00\",\"breadcrumb\":{\"@id\":\"https:\\\/\\\/bcleanservicespro.com\\\/es\\\/politica-de-privacidad\\\/#breadcrumb\"},\"inLanguage\":\"es\",\"potentialAction\":[{\"@type\":\"ReadAction\",\"target\":[\"https:\\\/\\\/bcleanservicespro.com\\\/es\\\/politica-de-privacidad\\\/\"]}]},{\"@type\":\"BreadcrumbList\",\"@id\":\"https:\\\/\\\/bcleanservicespro.com\\\/es\\\/politica-de-privacidad\\\/#breadcrumb\",\"itemListElement\":[{\"@type\":\"ListItem\",\"position\":1,\"name\":\"Portada\",\"item\":\"https:\\\/\\\/bcleanservicespro.com\\\/es\\\/\"},{\"@type\":\"ListItem\",\"position\":2,\"name\":\"Pol\u00edtica de Privacidad\"}]},{\"@type\":\"WebSite\",\"@id\":\"https:\\\/\\\/bcleanservicespro.com\\\/es\\\/#website\",\"url\":\"https:\\\/\\\/bcleanservicespro.com\\\/es\\\/\",\"name\":\"BClean Services Professional Cleaning\",\"description\":\"Your home should be your sanctuary, not your second shift\",\"publisher\":{\"@id\":\"https:\\\/\\\/bcleanservicespro.com\\\/es\\\/#organization\"},\"potentialAction\":[{\"@type\":\"SearchAction\",\"target\":{\"@type\":\"EntryPoint\",\"urlTemplate\":\"https:\\\/\\\/bcleanservicespro.com\\\/es\\\/?s={search_term_string}\"},\"query-input\":{\"@type\":\"PropertyValueSpecification\",\"valueRequired\":true,\"valueName\":\"search_term_string\"}}],\"inLanguage\":\"es\"},{\"@type\":\"Organization\",\"@id\":\"https:\\\/\\\/bcleanservicespro.com\\\/es\\\/#organization\",\"name\":\"BClean Services Professional Cleaning\",\"url\":\"https:\\\/\\\/bcleanservicespro.com\\\/es\\\/\",\"logo\":{\"@type\":\"ImageObject\",\"inLanguage\":\"es\",\"@id\":\"https:\\\/\\\/bcleanservicespro.com\\\/es\\\/#\\\/schema\\\/logo\\\/image\\\/\",\"url\":\"https:\\\/\\\/bcleanservicespro.com\\\/wp-content\\\/uploads\\\/2025\\\/12\\\/logo-bclean.png\",\"contentUrl\":\"https:\\\/\\\/bcleanservicespro.com\\\/wp-content\\\/uploads\\\/2025\\\/12\\\/logo-bclean.png\",\"width\":169,\"height\":129,\"caption\":\"BClean Services Professional Cleaning\"},\"image\":{\"@id\":\"https:\\\/\\\/bcleanservicespro.com\\\/es\\\/#\\\/schema\\\/logo\\\/image\\\/\"}}]}<\/script>\n<!-- \/ Yoast SEO Premium plugin. -->","yoast_head_json":{"title":"Pol\u00edtica de Privacidad - BClean Services Professional Cleaning","robots":{"index":"index","follow":"follow","max-snippet":"max-snippet:-1","max-image-preview":"max-image-preview:large","max-video-preview":"max-video-preview:-1"},"canonical":"https:\/\/bcleanservicespro.com\/es\/politica-de-privacidad\/","og_locale":"es_ES","og_type":"article","og_title":"Pol\u00edtica de Privacidad","og_description":"BClean Services Pro (\u201cnosotros\u201d, \u201cnuestro\u201d, \u201cnos\u201d) se compromete a proteger su privacidad. Esta Pol\u00edtica de Privacidad explica c\u00f3mo recopilamos, usamos, divulgamos y protegemos su informaci\u00f3n personal cuando visita nuestro sitio web bcleanservicespro.com (el \u00abSitio\u00bb) o interact\u00faa con nosotros en l\u00ednea. Informaci\u00f3n que Recopilamos Podemos recopilar los siguientes tipos de informaci\u00f3n: Datos Personales: Nombre, direcci\u00f3n de [&hellip;]","og_url":"https:\/\/bcleanservicespro.com\/es\/politica-de-privacidad\/","og_site_name":"BClean Services Professional Cleaning","article_modified_time":"2026-03-06T16:47:20+00:00","twitter_card":"summary_large_image","twitter_misc":{"Tiempo de lectura":"2 minutos"},"schema":{"@context":"https:\/\/schema.org","@graph":[{"@type":"WebPage","@id":"https:\/\/bcleanservicespro.com\/es\/politica-de-privacidad\/","url":"https:\/\/bcleanservicespro.com\/es\/politica-de-privacidad\/","name":"Pol\u00edtica de Privacidad - BClean Services Professional Cleaning","isPartOf":{"@id":"https:\/\/bcleanservicespro.com\/es\/#website"},"datePublished":"2025-12-30T20:56:08+00:00","dateModified":"2026-03-06T16:47:20+00:00","breadcrumb":{"@id":"https:\/\/bcleanservicespro.com\/es\/politica-de-privacidad\/#breadcrumb"},"inLanguage":"es","potentialAction":[{"@type":"ReadAction","target":["https:\/\/bcleanservicespro.com\/es\/politica-de-privacidad\/"]}]},{"@type":"BreadcrumbList","@id":"https:\/\/bcleanservicespro.com\/es\/politica-de-privacidad\/#breadcrumb","itemListElement":[{"@type":"ListItem","position":1,"name":"Portada","item":"https:\/\/bcleanservicespro.com\/es\/"},{"@type":"ListItem","position":2,"name":"Pol\u00edtica de Privacidad"}]},{"@type":"WebSite","@id":"https:\/\/bcleanservicespro.com\/es\/#website","url":"https:\/\/bcleanservicespro.com\/es\/","name":"BClean Services Professional Cleaning","description":"Your home should be your sanctuary, not your second shift","publisher":{"@id":"https:\/\/bcleanservicespro.com\/es\/#organization"},"potentialAction":[{"@type":"SearchAction","target":{"@type":"EntryPoint","urlTemplate":"https:\/\/bcleanservicespro.com\/es\/?s={search_term_string}"},"query-input":{"@type":"PropertyValueSpecification","valueRequired":true,"valueName":"search_term_string"}}],"inLanguage":"es"},{"@type":"Organization","@id":"https:\/\/bcleanservicespro.com\/es\/#organization","name":"BClean Services Professional Cleaning","url":"https:\/\/bcleanservicespro.com\/es\/","logo":{"@type":"ImageObject","inLanguage":"es","@id":"https:\/\/bcleanservicespro.com\/es\/#\/schema\/logo\/image\/","url":"https:\/\/bcleanservicespro.com\/wp-content\/uploads\/2025\/12\/logo-bclean.png","contentUrl":"https:\/\/bcleanservicespro.com\/wp-content\/uploads\/2025\/12\/logo-bclean.png","width":169,"height":129,"caption":"BClean Services Professional Cleaning"},"image":{"@id":"https:\/\/bcleanservicespro.com\/es\/#\/schema\/logo\/image\/"}}]}},"_links":{"self":[{"href":"https:\/\/bcleanservicespro.com\/es\/wp-json\/wp\/v2\/pages\/1812","targetHints":{"allow":["GET"]}}],"collection":[{"href":"https:\/\/bcleanservicespro.com\/es\/wp-json\/wp\/v2\/pages"}],"about":[{"href":"https:\/\/bcleanservicespro.com\/es\/wp-json\/wp\/v2\/types\/page"}],"author":[{"embeddable":true,"href":"https:\/\/bcleanservicespro.com\/es\/wp-json\/wp\/v2\/users\/1"}],"replies":[{"embeddable":true,"href":"https:\/\/bcleanservicespro.com\/es\/wp-json\/wp\/v2\/comments?post=1812"}],"version-history":[{"count":0,"href":"https:\/\/bcleanservicespro.com\/es\/wp-json\/wp\/v2\/pages\/1812\/revisions"}],"wp:attachment":[{"href":"https:\/\/bcleanservicespro.com\/es\/wp-json\/wp\/v2\/media?parent=1812"}],"curies":[{"name":"wp","href":"https:\/\/api.w.org\/{rel}","templated":true}]}}