{"id":1870,"date":"2025-12-09T06:36:56","date_gmt":"2025-12-09T14:36:56","guid":{"rendered":"https:\/\/bcleanservicespro.com\/contacto\/"},"modified":"2026-03-06T12:49:22","modified_gmt":"2026-03-06T20:49:22","slug":"contacto","status":"publish","type":"page","link":"https:\/\/bcleanservicespro.com\/es\/contacto\/","title":{"rendered":"Contacto"},"content":{"rendered":"\t\t<div data-elementor-type=\"wp-page\" data-elementor-id=\"1870\" class=\"elementor elementor-1870 elementor-22\" data-elementor-post-type=\"page\">\n\t\t\t\t<section class=\"elementor-element elementor-element-e35d4a5 e-grid e-con-full e-con e-parent\" data-id=\"e35d4a5\" data-element_type=\"container\" data-e-type=\"container\" data-settings=\"{&quot;background_background&quot;:&quot;classic&quot;}\">\n\t\t<div class=\"elementor-element elementor-element-1f173dd e-con-full heroImage e-flex e-con e-child\" data-id=\"1f173dd\" data-element_type=\"container\" data-e-type=\"container\" data-settings=\"{&quot;background_background&quot;:&quot;video&quot;,&quot;background_video_link&quot;:&quot;https:\\\/\\\/bcleanservicespro.com\\\/wp-content\\\/uploads\\\/2026\\\/02\\\/01-vid-contact.mp4&quot;}\">\n\t\t<div class=\"elementor-background-video-container elementor-hidden-mobile\">\n\t\t\t\t\t\t\t<video class=\"elementor-background-video-hosted\" role=\"presentation\" autoplay muted playsinline loop><\/video>\n\t\t\t\t\t<\/div>\t\t<\/div>\n\t\t\t\t<\/section>\n\t\t<div class=\"elementor-element elementor-element-423c97f e-con-full e-flex e-con e-parent\" data-id=\"423c97f\" data-element_type=\"container\" data-e-type=\"container\">\n\t\t\t\t<div class=\"elementor-element elementor-element-f9d8668 elementor-widget elementor-widget-template\" data-id=\"f9d8668\" data-element_type=\"widget\" data-e-type=\"widget\" data-widget_type=\"template.default\">\n\t\t\t\t<div class=\"elementor-widget-container\">\n\t\t\t\t\t\t\t<div class=\"elementor-template\">\n\t\t\t\t\t<div data-elementor-type=\"container\" data-elementor-id=\"1966\" class=\"elementor elementor-1966 elementor-571 elementor-571\" data-elementor-post-type=\"elementor_library\">\n\t\t\t\t<section class=\"elementor-element elementor-element-6a5aa0f9 e-flex e-con-boxed e-con e-parent\" data-id=\"6a5aa0f9\" data-element_type=\"container\" data-e-type=\"container\" data-settings=\"{&quot;background_background&quot;:&quot;classic&quot;}\">\n\t\t\t\t\t<div class=\"e-con-inner\">\n\t\t<div class=\"elementor-element elementor-element-1812e99d e-con-full e-flex e-con e-child\" data-id=\"1812e99d\" data-element_type=\"container\" data-e-type=\"container\">\n\t\t\t\t<div class=\"elementor-element elementor-element-0033e22 elementor-widget elementor-widget-heading\" data-id=\"0033e22\" data-element_type=\"widget\" data-e-type=\"widget\" data-widget_type=\"heading.default\">\n\t\t\t\t\t<span class=\"elementor-heading-title elementor-size-default\">Transforma tu espacio hoy mismo<\/span>\t\t\t\t<\/div>\n\t\t\t\t<div class=\"elementor-element elementor-element-67db8610 elementor-widget elementor-widget-heading\" data-id=\"67db8610\" data-element_type=\"widget\" data-e-type=\"widget\" data-widget_type=\"heading.default\">\n\t\t\t\t\t<h2 class=\"elementor-heading-title elementor-size-default\"><b>\u00bfListo para <\/b>elevar tus est\u00e1ndares de limpieza?<\/h2>\t\t\t\t<\/div>\n\t\t\t\t<div class=\"elementor-element elementor-element-60aa5a15 elementor-widget elementor-widget-text-editor\" data-id=\"60aa5a15\" data-element_type=\"widget\" data-e-type=\"widget\" data-widget_type=\"text-editor.default\">\n\t\t\t\t\t\t\t\t\t<p>No esperes a ma\u00f1ana para disfrutar de la tranquilidad que mereces hoy. <strong>Agenda tu visita gratuita y recibe un presupuesto 100% personalizado y adaptado<\/strong> a las necesidades \u00fanicas de tu hogar o negocio.<\/p>\n\t\t\t\t\t\t\t\t<\/div>\n\t\t\t\t<div class=\"elementor-element elementor-element-ed64f8b elementor-widget elementor-widget-text-editor\" data-id=\"ed64f8b\" data-element_type=\"widget\" data-e-type=\"widget\" data-widget_type=\"text-editor.default\">\n\t\t\t\t\t\t\t\t\t<p>Disfruta de la tranquilidad de un espacio m\u00e1s limpio desde hoy. <strong>Reserva una visita gratuita y obt\u00e9n un presupuesto totalmente personalizado y adaptado<\/strong> a las necesidades de tu hogar o negocio.<\/p>\n\t\t\t\t\t\t\t\t<\/div>\n\t\t<div class=\"elementor-element elementor-element-628c0cef e-con-full e-flex e-con e-child\" data-id=\"628c0cef\" data-element_type=\"container\" data-e-type=\"container\">\n\t\t\t\t<div class=\"elementor-element elementor-element-5a67838 elementor-icon-list--layout-traditional elementor-list-item-link-full_width elementor-widget elementor-widget-icon-list\" data-id=\"5a67838\" data-element_type=\"widget\" data-e-type=\"widget\" data-widget_type=\"icon-list.default\">\n\t\t\t\t\t\t\t<ul class=\"elementor-icon-list-items\">\n\t\t\t\t\t\t\t<li class=\"elementor-icon-list-item\">\n\t\t\t\t\t\t\t\t\t\t\t<span class=\"elementor-icon-list-icon\">\n\t\t\t\t\t\t\t<svg xmlns=\"http:\/\/www.w3.org\/2000\/svg\" width=\"18\" height=\"18\" viewBox=\"0 0 18 18\" fill=\"none\"><path fill-rule=\"evenodd\" clip-rule=\"evenodd\" d=\"M9 18C10.1819 18 11.3522 17.7672 12.4442 17.3149C13.5361 16.8626 14.5282 16.1997 15.364 15.364C16.1997 14.5282 16.8626 13.5361 17.3149 12.4442C17.7672 11.3522 18 10.1819 18 9C18 7.8181 17.7672 6.64778 17.3149 5.55585C16.8626 4.46392 16.1997 3.47177 15.364 2.63604C14.5282 1.80031 13.5361 1.13738 12.4442 0.685084C11.3522 0.232792 10.1819 -1.76116e-08 9 0C6.61305 3.55683e-08 4.32387 0.948211 2.63604 2.63604C0.948212 4.32387 0 6.61305 0 9C0 11.3869 0.948212 13.6761 2.63604 15.364C4.32387 17.0518 6.61305 18 9 18ZM8.768 12.64L13.768 6.64L12.232 5.36L7.932 10.519L5.707 8.293L4.293 9.707L7.293 12.707L8.067 13.481L8.768 12.64Z\" fill=\"#1B9E74\"><\/path><\/svg>\t\t\t\t\t\t<\/span>\n\t\t\t\t\t\t\t\t\t\t<span class=\"elementor-icon-list-text\">Personal verificado, con fianza y seguro<\/span>\n\t\t\t\t\t\t\t\t\t<\/li>\n\t\t\t\t\t\t\t\t<li class=\"elementor-icon-list-item\">\n\t\t\t\t\t\t\t\t\t\t\t<span class=\"elementor-icon-list-icon\">\n\t\t\t\t\t\t\t<svg xmlns=\"http:\/\/www.w3.org\/2000\/svg\" width=\"18\" height=\"18\" viewBox=\"0 0 18 18\" fill=\"none\"><path fill-rule=\"evenodd\" clip-rule=\"evenodd\" d=\"M9 18C10.1819 18 11.3522 17.7672 12.4442 17.3149C13.5361 16.8626 14.5282 16.1997 15.364 15.364C16.1997 14.5282 16.8626 13.5361 17.3149 12.4442C17.7672 11.3522 18 10.1819 18 9C18 7.8181 17.7672 6.64778 17.3149 5.55585C16.8626 4.46392 16.1997 3.47177 15.364 2.63604C14.5282 1.80031 13.5361 1.13738 12.4442 0.685084C11.3522 0.232792 10.1819 -1.76116e-08 9 0C6.61305 3.55683e-08 4.32387 0.948211 2.63604 2.63604C0.948212 4.32387 0 6.61305 0 9C0 11.3869 0.948212 13.6761 2.63604 15.364C4.32387 17.0518 6.61305 18 9 18ZM8.768 12.64L13.768 6.64L12.232 5.36L7.932 10.519L5.707 8.293L4.293 9.707L7.293 12.707L8.067 13.481L8.768 12.64Z\" fill=\"#1B9E74\"><\/path><\/svg>\t\t\t\t\t\t<\/span>\n\t\t\t\t\t\t\t\t\t\t<span class=\"elementor-icon-list-text\">Precio fijo, sin costes ocultos<\/span>\n\t\t\t\t\t\t\t\t\t<\/li>\n\t\t\t\t\t\t<\/ul>\n\t\t\t\t\t\t<\/div>\n\t\t\t\t<div class=\"elementor-element elementor-element-11a9017d elementor-icon-list--layout-traditional elementor-list-item-link-full_width elementor-widget elementor-widget-icon-list\" data-id=\"11a9017d\" data-element_type=\"widget\" data-e-type=\"widget\" data-widget_type=\"icon-list.default\">\n\t\t\t\t\t\t\t<ul class=\"elementor-icon-list-items\">\n\t\t\t\t\t\t\t<li class=\"elementor-icon-list-item\">\n\t\t\t\t\t\t\t\t\t\t\t<span class=\"elementor-icon-list-icon\">\n\t\t\t\t\t\t\t<svg xmlns=\"http:\/\/www.w3.org\/2000\/svg\" width=\"18\" height=\"18\" viewBox=\"0 0 18 18\" fill=\"none\"><path fill-rule=\"evenodd\" clip-rule=\"evenodd\" d=\"M9 18C10.1819 18 11.3522 17.7672 12.4442 17.3149C13.5361 16.8626 14.5282 16.1997 15.364 15.364C16.1997 14.5282 16.8626 13.5361 17.3149 12.4442C17.7672 11.3522 18 10.1819 18 9C18 7.8181 17.7672 6.64778 17.3149 5.55585C16.8626 4.46392 16.1997 3.47177 15.364 2.63604C14.5282 1.80031 13.5361 1.13738 12.4442 0.685084C11.3522 0.232792 10.1819 -1.76116e-08 9 0C6.61305 3.55683e-08 4.32387 0.948211 2.63604 2.63604C0.948212 4.32387 0 6.61305 0 9C0 11.3869 0.948212 13.6761 2.63604 15.364C4.32387 17.0518 6.61305 18 9 18ZM8.768 12.64L13.768 6.64L12.232 5.36L7.932 10.519L5.707 8.293L4.293 9.707L7.293 12.707L8.067 13.481L8.768 12.64Z\" fill=\"#1B9E74\"><\/path><\/svg>\t\t\t\t\t\t<\/span>\n\t\t\t\t\t\t\t\t\t\t<span class=\"elementor-icon-list-text\">Ecol\u00f3gico y no t\u00f3xico (seguro para mascotas y ni\u00f1os)<\/span>\n\t\t\t\t\t\t\t\t\t<\/li>\n\t\t\t\t\t\t\t\t<li class=\"elementor-icon-list-item\">\n\t\t\t\t\t\t\t\t\t\t\t<span class=\"elementor-icon-list-icon\">\n\t\t\t\t\t\t\t<svg xmlns=\"http:\/\/www.w3.org\/2000\/svg\" width=\"18\" height=\"18\" viewBox=\"0 0 18 18\" fill=\"none\"><path fill-rule=\"evenodd\" clip-rule=\"evenodd\" d=\"M9 18C10.1819 18 11.3522 17.7672 12.4442 17.3149C13.5361 16.8626 14.5282 16.1997 15.364 15.364C16.1997 14.5282 16.8626 13.5361 17.3149 12.4442C17.7672 11.3522 18 10.1819 18 9C18 7.8181 17.7672 6.64778 17.3149 5.55585C16.8626 4.46392 16.1997 3.47177 15.364 2.63604C14.5282 1.80031 13.5361 1.13738 12.4442 0.685084C11.3522 0.232792 10.1819 -1.76116e-08 9 0C6.61305 3.55683e-08 4.32387 0.948211 2.63604 2.63604C0.948212 4.32387 0 6.61305 0 9C0 11.3869 0.948212 13.6761 2.63604 15.364C4.32387 17.0518 6.61305 18 9 18ZM8.768 12.64L13.768 6.64L12.232 5.36L7.932 10.519L5.707 8.293L4.293 9.707L7.293 12.707L8.067 13.481L8.768 12.64Z\" fill=\"#1B9E74\"><\/path><\/svg>\t\t\t\t\t\t<\/span>\n\t\t\t\t\t\t\t\t\t\t<span class=\"elementor-icon-list-text\">Satisfacci\u00f3n garantizada en cada servicio.<\/span>\n\t\t\t\t\t\t\t\t\t<\/li>\n\t\t\t\t\t\t<\/ul>\n\t\t\t\t\t\t<\/div>\n\t\t\t\t<\/div>\n\t\t\t\t<\/div>\n\t\t<div class=\"elementor-element elementor-element-46443a4a e-con-full e-flex e-con e-child\" data-id=\"46443a4a\" data-element_type=\"container\" data-e-type=\"container\">\n\t\t<div class=\"elementor-element elementor-element-64cacd4d e-con-full e-flex e-con e-child\" data-id=\"64cacd4d\" data-element_type=\"container\" data-e-type=\"container\" data-settings=\"{&quot;background_background&quot;:&quot;classic&quot;}\">\n\t\t\t\t<div class=\"elementor-element elementor-element-5b2482d4 elementor-widget elementor-widget-heading\" data-id=\"5b2482d4\" data-element_type=\"widget\" data-e-type=\"widget\" data-widget_type=\"heading.default\">\n\t\t\t\t\t<h4 class=\"elementor-heading-title elementor-size-default\">Agenda tu visita gratuita<\/h4>\t\t\t\t<\/div>\n\t\t\t\t<div class=\"elementor-element elementor-element-6c0098bc elementor-button-align-stretch elementor-widget elementor-widget-form\" data-id=\"6c0098bc\" data-element_type=\"widget\" data-e-type=\"widget\" data-settings=\"{&quot;step_next_label&quot;:&quot;Siguiente&quot;,&quot;step_previous_label&quot;:&quot;Anterior&quot;,&quot;button_width&quot;:&quot;50&quot;,&quot;button_width_laptop&quot;:&quot;100&quot;,&quot;button_width_tablet&quot;:&quot;100&quot;,&quot;step_type&quot;:&quot;number_text&quot;,&quot;step_icon_shape&quot;:&quot;circle&quot;}\" data-widget_type=\"form.default\">\n\t\t\t\t\t\t\t<form class=\"elementor-form\" method=\"post\" id=\"frmContact\" name=\"Nuevo formulario\" aria-label=\"Nuevo formulario\">\n\t\t\t<input type=\"hidden\" name=\"post_id\" value=\"1966\"\/>\n\t\t\t<input type=\"hidden\" name=\"form_id\" value=\"6c0098bc\"\/>\n\t\t\t<input type=\"hidden\" name=\"referer_title\" value=\"Contacto - BClean Services Professional Cleaning\" \/>\n\n\t\t\t\t\t\t\t<input type=\"hidden\" name=\"queried_id\" value=\"1870\"\/>\n\t\t\t\n\t\t\t<div class=\"elementor-form-fields-wrapper elementor-labels-above\">\n\t\t\t\t\t\t\t\t<div class=\"elementor-field-type-text elementor-field-group elementor-column elementor-field-group-name elementor-col-100\">\n\t\t\t\t\t\t\t\t\t\t\t\t<label for=\"form-field-name\" class=\"elementor-field-label\">\n\t\t\t\t\t\t\t\tNombre\t\t\t\t\t\t\t<\/label>\n\t\t\t\t\t\t\t\t\t\t\t\t\t\t<input size=\"1\" type=\"text\" name=\"form_fields[name]\" id=\"form-field-name\" class=\"elementor-field elementor-size-sm  elementor-field-textual\">\n\t\t\t\t\t\t\t\t\t\t\t<\/div>\n\t\t\t\t\t\t\t\t<div class=\"elementor-field-type-tel elementor-field-group elementor-column elementor-field-group-phone elementor-col-50\">\n\t\t\t\t\t\t\t\t\t\t\t\t<label for=\"form-field-phone\" class=\"elementor-field-label\">\n\t\t\t\t\t\t\t\tTel\u00e9fono\t\t\t\t\t\t\t<\/label>\n\t\t\t\t\t\t<span class=\"ccfef-editor-intl-input\" data-id=\"form-field-phone\" data-field-id=\"bf4db09\" data-default-country=\"us\" data-include-countries=\"\" data-exclude-countries=\"\" data-dial-code-visibility=\"show\" data-strict-mode=\"no\" style=\"display: none;\"><\/span>\t\t<input size=\"1\" type=\"tel\" name=\"form_fields[phone]\" id=\"form-field-phone\" class=\"elementor-field elementor-size-sm  elementor-field-textual\" pattern=\"[0-9()#&amp;+*-=.]+\" title=\"Solo se aceptan n\u00fameros y caracteres de tel\u00e9fono (#,-,*,etc).\">\n\n\t\t\t\t\t\t<\/div>\n\t\t\t\t\t\t\t\t<div class=\"elementor-field-type-email elementor-field-group elementor-column elementor-field-group-email elementor-col-50 elementor-field-required\">\n\t\t\t\t\t\t\t\t\t\t\t\t<label for=\"form-field-email\" class=\"elementor-field-label\">\n\t\t\t\t\t\t\t\tCorreo electr\u00f3nico\t\t\t\t\t\t\t<\/label>\n\t\t\t\t\t\t\t\t\t\t\t\t\t\t<input size=\"1\" type=\"email\" name=\"form_fields[email]\" id=\"form-field-email\" class=\"elementor-field elementor-size-sm  elementor-field-textual\" required=\"required\">\n\t\t\t\t\t\t\t\t\t\t\t<\/div>\n\t\t\t\t\t\t\t\t<div class=\"elementor-field-type-textarea elementor-field-group elementor-column elementor-field-group-message elementor-col-100\">\n\t\t\t\t\t\t\t\t\t\t\t\t<label for=\"form-field-message\" class=\"elementor-field-label\">\n\t\t\t\t\t\t\t\tMensaje\t\t\t\t\t\t\t<\/label>\n\t\t\t\t\t\t<textarea class=\"elementor-field-textual elementor-field  elementor-size-sm\" name=\"form_fields[message]\" id=\"form-field-message\" rows=\"4\"><\/textarea>\t\t\t\t<\/div>\n\t\t\t\t\t\t\t\t<div class=\"elementor-field-type-radio elementor-field-group elementor-column elementor-field-group-service elementor-col-100 elementor-field-required\">\n\t\t\t\t\t\t\t\t\t\t\t\t<label for=\"form-field-service\" class=\"elementor-field-label\">\n\t\t\t\t\t\t\t\tServicio\t\t\t\t\t\t\t<\/label>\n\t\t\t\t\t\t<div class=\"elementor-field-subgroup  \"><span class=\"elementor-field-option\"><input type=\"radio\" value=\" residential_cleaning\" id=\"form-field-service-0\" name=\"form_fields[service]\" required=\"required\"> <label for=\"form-field-service-0\">Limpieza Residencial <\/label><\/span><span class=\"elementor-field-option\"><input type=\"radio\" value=\" commercial_corporate\" id=\"form-field-service-1\" name=\"form_fields[service]\" required=\"required\"> <label for=\"form-field-service-1\">Comercial y Corporativo <\/label><\/span><span class=\"elementor-field-option\"><input type=\"radio\" value=\" hospitality_str_turnovers\" id=\"form-field-service-2\" name=\"form_fields[service]\" required=\"required\"> <label for=\"form-field-service-2\">Hospitalidad y Rotaci\u00f3n de Alquileres <\/label><\/span><span class=\"elementor-field-option\"><input type=\"radio\" value=\" real_estate_listing_prep\" id=\"form-field-service-3\" name=\"form_fields[service]\" required=\"required\"> <label for=\"form-field-service-3\">Inmobiliaria y Preparaci\u00f3n para Venta <\/label><\/span><\/div>\t\t\t\t<\/div>\n\t\t\t\t\t\t\t\t<div class=\"elementor-field-type-acceptance elementor-field-group elementor-column elementor-field-group-acptrm elementor-col-100 elementor-field-required\">\n\t\t\t\t\t\t\t<div class=\"elementor-field-subgroup\">\n\t\t\t<span class=\"elementor-field-option\">\n\t\t\t\t<input type=\"checkbox\" name=\"form_fields[acptrm]\" id=\"form-field-acptrm\" class=\"elementor-field elementor-size-sm  elementor-acceptance-field\" required=\"required\">\n\t\t\t\t<label for=\"form-field-acptrm\">He le\u00eddo la <a href=\"https:\/\/bcleanservicespro.com\/es\/politica-de-privacidad\/\" target=\"_blank\"><u>Pol\u00edtica de Privacidad<\/u><\/a> y acepto el tratamiento de mis datos para la gesti\u00f3n de la solicitud realizada.<\/label>\t\t\t<\/span>\n\t\t<\/div>\n\t\t\t\t\t\t<\/div>\n\t\t\t\t\t\t\t\t<div class=\"elementor-field-type-recaptcha_v3 elementor-field-group elementor-column elementor-field-group-field_4bac0b5 elementor-col-100 recaptcha_v3-bottomright\">\n\t\t\t\t\t<div class=\"elementor-field\" id=\"form-field-field_4bac0b5\"><div class=\"elementor-g-recaptcha\" data-sitekey=\"6LeXIHEsAAAAAMXcPWnt_ISrcKSB_4B-vVovlZo0\" data-type=\"v3\" data-action=\"Form\" data-badge=\"bottomright\" data-size=\"invisible\"><\/div><\/div>\t\t\t\t<\/div>\n\t\t\t\t\t\t\t\t<div class=\"elementor-field-group elementor-column elementor-field-type-submit elementor-col-50 e-form__buttons elementor-md-100\">\n\t\t\t\t\t<button class=\"elementor-button elementor-size-sm\" type=\"submit\" id=\"btnSendFrm\">\n\t\t\t\t\t\t<span class=\"elementor-button-content-wrapper\">\n\t\t\t\t\t\t\t\t\t\t\t\t\t\t\t<span class=\"elementor-button-icon\">\n\t\t\t\t\t\t\t\t\t<svg aria-hidden=\"true\" class=\"e-font-icon-svg e-fas-arrow-right\" viewBox=\"0 0 448 512\" xmlns=\"http:\/\/www.w3.org\/2000\/svg\"><path d=\"M190.5 66.9l22.2-22.2c9.4-9.4 24.6-9.4 33.9 0L441 239c9.4 9.4 9.4 24.6 0 33.9L246.6 467.3c-9.4 9.4-24.6 9.4-33.9 0l-22.2-22.2c-9.5-9.5-9.3-25 .4-34.3L311.4 296H24c-13.3 0-24-10.7-24-24v-32c0-13.3 10.7-24 24-24h287.4L190.9 101.2c-9.8-9.3-10-24.8-.4-34.3z\"><\/path><\/svg>\t\t\t\t\t\t\t\t\t\t\t\t\t\t\t\t\t<\/span>\n\t\t\t\t\t\t\t\t\t\t\t\t\t\t\t\t\t\t\t\t\t\t<span class=\"elementor-button-text\">Obt\u00e9n tu presupuesto personalizado<\/span>\n\t\t\t\t\t\t\t\t\t\t\t\t\t<\/span>\n\t\t\t\t\t<\/button>\n\t\t\t\t<\/div>\n\t\t\t<\/div>\n\t\t<\/form>\n\t\t\t\t\t\t<\/div>\n\t\t\t\t<\/div>\n\t\t\t\t<\/div>\n\t\t\t\t\t<\/div>\n\t\t\t\t<\/section>\n\t\t\t\t<\/div>\n\t\t\t\t<\/div>\n\t\t\t\t\t\t<\/div>\n\t\t\t\t<\/div>\n\t\t\t\t<\/div>\n\t\t\t\t<\/div>\n\t\t","protected":false},"excerpt":{"rendered":"","protected":false},"author":1,"featured_media":1766,"parent":0,"menu_order":3,"comment_status":"closed","ping_status":"closed","template":"","meta":{"footnotes":""},"class_list":["post-1870","page","type-page","status-publish","has-post-thumbnail","hentry"],"yoast_head":"<!-- This site is optimized with the Yoast SEO Premium plugin v26.7 (Yoast SEO v27.5) - https:\/\/yoast.com\/product\/yoast-seo-premium-wordpress\/ -->\n<title>Contacto - BClean Services Professional Cleaning<\/title>\n<meta name=\"robots\" content=\"index, follow, max-snippet:-1, max-image-preview:large, max-video-preview:-1\" \/>\n<link rel=\"canonical\" href=\"https:\/\/bcleanservicespro.com\/es\/contacto\/\" \/>\n<meta property=\"og:locale\" content=\"es_ES\" \/>\n<meta property=\"og:type\" content=\"article\" \/>\n<meta property=\"og:title\" content=\"Contacto\" \/>\n<meta property=\"og:url\" content=\"https:\/\/bcleanservicespro.com\/es\/contacto\/\" \/>\n<meta property=\"og:site_name\" content=\"BClean Services Professional Cleaning\" \/>\n<meta property=\"article:modified_time\" content=\"2026-03-06T20:49:22+00:00\" \/>\n<meta name=\"twitter:card\" content=\"summary_large_image\" \/>\n<script type=\"application\/ld+json\" class=\"yoast-schema-graph\">{\"@context\":\"https:\\\/\\\/schema.org\",\"@graph\":[{\"@type\":\"WebPage\",\"@id\":\"https:\\\/\\\/bcleanservicespro.com\\\/es\\\/contacto\\\/\",\"url\":\"https:\\\/\\\/bcleanservicespro.com\\\/es\\\/contacto\\\/\",\"name\":\"Contacto - BClean Services Professional Cleaning\",\"isPartOf\":{\"@id\":\"https:\\\/\\\/bcleanservicespro.com\\\/es\\\/#website\"},\"primaryImageOfPage\":{\"@id\":\"https:\\\/\\\/bcleanservicespro.com\\\/es\\\/contacto\\\/#primaryimage\"},\"image\":{\"@id\":\"https:\\\/\\\/bcleanservicespro.com\\\/es\\\/contacto\\\/#primaryimage\"},\"thumbnailUrl\":\"https:\\\/\\\/bcleanservicespro.com\\\/wp-content\\\/uploads\\\/2025\\\/12\\\/03-img-residential-service-bclean.jpg\",\"datePublished\":\"2025-12-09T14:36:56+00:00\",\"dateModified\":\"2026-03-06T20:49:22+00:00\",\"breadcrumb\":{\"@id\":\"https:\\\/\\\/bcleanservicespro.com\\\/es\\\/contacto\\\/#breadcrumb\"},\"inLanguage\":\"es\",\"potentialAction\":[{\"@type\":\"ReadAction\",\"target\":[\"https:\\\/\\\/bcleanservicespro.com\\\/es\\\/contacto\\\/\"]}]},{\"@type\":\"ImageObject\",\"inLanguage\":\"es\",\"@id\":\"https:\\\/\\\/bcleanservicespro.com\\\/es\\\/contacto\\\/#primaryimage\",\"url\":\"https:\\\/\\\/bcleanservicespro.com\\\/wp-content\\\/uploads\\\/2025\\\/12\\\/03-img-residential-service-bclean.jpg\",\"contentUrl\":\"https:\\\/\\\/bcleanservicespro.com\\\/wp-content\\\/uploads\\\/2025\\\/12\\\/03-img-residential-service-bclean.jpg\",\"width\":825,\"height\":630},{\"@type\":\"BreadcrumbList\",\"@id\":\"https:\\\/\\\/bcleanservicespro.com\\\/es\\\/contacto\\\/#breadcrumb\",\"itemListElement\":[{\"@type\":\"ListItem\",\"position\":1,\"name\":\"Portada\",\"item\":\"https:\\\/\\\/bcleanservicespro.com\\\/es\\\/\"},{\"@type\":\"ListItem\",\"position\":2,\"name\":\"Contacto\"}]},{\"@type\":\"WebSite\",\"@id\":\"https:\\\/\\\/bcleanservicespro.com\\\/es\\\/#website\",\"url\":\"https:\\\/\\\/bcleanservicespro.com\\\/es\\\/\",\"name\":\"BClean Services Professional Cleaning\",\"description\":\"Your home should be your sanctuary, not your second shift\",\"publisher\":{\"@id\":\"https:\\\/\\\/bcleanservicespro.com\\\/es\\\/#organization\"},\"potentialAction\":[{\"@type\":\"SearchAction\",\"target\":{\"@type\":\"EntryPoint\",\"urlTemplate\":\"https:\\\/\\\/bcleanservicespro.com\\\/es\\\/?s={search_term_string}\"},\"query-input\":{\"@type\":\"PropertyValueSpecification\",\"valueRequired\":true,\"valueName\":\"search_term_string\"}}],\"inLanguage\":\"es\"},{\"@type\":\"Organization\",\"@id\":\"https:\\\/\\\/bcleanservicespro.com\\\/es\\\/#organization\",\"name\":\"BClean Services Professional Cleaning\",\"url\":\"https:\\\/\\\/bcleanservicespro.com\\\/es\\\/\",\"logo\":{\"@type\":\"ImageObject\",\"inLanguage\":\"es\",\"@id\":\"https:\\\/\\\/bcleanservicespro.com\\\/es\\\/#\\\/schema\\\/logo\\\/image\\\/\",\"url\":\"https:\\\/\\\/bcleanservicespro.com\\\/wp-content\\\/uploads\\\/2025\\\/12\\\/logo-bclean.png\",\"contentUrl\":\"https:\\\/\\\/bcleanservicespro.com\\\/wp-content\\\/uploads\\\/2025\\\/12\\\/logo-bclean.png\",\"width\":169,\"height\":129,\"caption\":\"BClean Services Professional Cleaning\"},\"image\":{\"@id\":\"https:\\\/\\\/bcleanservicespro.com\\\/es\\\/#\\\/schema\\\/logo\\\/image\\\/\"}}]}<\/script>\n<!-- \/ Yoast SEO Premium plugin. -->","yoast_head_json":{"title":"Contacto - BClean Services Professional Cleaning","robots":{"index":"index","follow":"follow","max-snippet":"max-snippet:-1","max-image-preview":"max-image-preview:large","max-video-preview":"max-video-preview:-1"},"canonical":"https:\/\/bcleanservicespro.com\/es\/contacto\/","og_locale":"es_ES","og_type":"article","og_title":"Contacto","og_url":"https:\/\/bcleanservicespro.com\/es\/contacto\/","og_site_name":"BClean Services Professional Cleaning","article_modified_time":"2026-03-06T20:49:22+00:00","twitter_card":"summary_large_image","schema":{"@context":"https:\/\/schema.org","@graph":[{"@type":"WebPage","@id":"https:\/\/bcleanservicespro.com\/es\/contacto\/","url":"https:\/\/bcleanservicespro.com\/es\/contacto\/","name":"Contacto - BClean Services Professional Cleaning","isPartOf":{"@id":"https:\/\/bcleanservicespro.com\/es\/#website"},"primaryImageOfPage":{"@id":"https:\/\/bcleanservicespro.com\/es\/contacto\/#primaryimage"},"image":{"@id":"https:\/\/bcleanservicespro.com\/es\/contacto\/#primaryimage"},"thumbnailUrl":"https:\/\/bcleanservicespro.com\/wp-content\/uploads\/2025\/12\/03-img-residential-service-bclean.jpg","datePublished":"2025-12-09T14:36:56+00:00","dateModified":"2026-03-06T20:49:22+00:00","breadcrumb":{"@id":"https:\/\/bcleanservicespro.com\/es\/contacto\/#breadcrumb"},"inLanguage":"es","potentialAction":[{"@type":"ReadAction","target":["https:\/\/bcleanservicespro.com\/es\/contacto\/"]}]},{"@type":"ImageObject","inLanguage":"es","@id":"https:\/\/bcleanservicespro.com\/es\/contacto\/#primaryimage","url":"https:\/\/bcleanservicespro.com\/wp-content\/uploads\/2025\/12\/03-img-residential-service-bclean.jpg","contentUrl":"https:\/\/bcleanservicespro.com\/wp-content\/uploads\/2025\/12\/03-img-residential-service-bclean.jpg","width":825,"height":630},{"@type":"BreadcrumbList","@id":"https:\/\/bcleanservicespro.com\/es\/contacto\/#breadcrumb","itemListElement":[{"@type":"ListItem","position":1,"name":"Portada","item":"https:\/\/bcleanservicespro.com\/es\/"},{"@type":"ListItem","position":2,"name":"Contacto"}]},{"@type":"WebSite","@id":"https:\/\/bcleanservicespro.com\/es\/#website","url":"https:\/\/bcleanservicespro.com\/es\/","name":"BClean Services Professional Cleaning","description":"Your home should be your sanctuary, not your second shift","publisher":{"@id":"https:\/\/bcleanservicespro.com\/es\/#organization"},"potentialAction":[{"@type":"SearchAction","target":{"@type":"EntryPoint","urlTemplate":"https:\/\/bcleanservicespro.com\/es\/?s={search_term_string}"},"query-input":{"@type":"PropertyValueSpecification","valueRequired":true,"valueName":"search_term_string"}}],"inLanguage":"es"},{"@type":"Organization","@id":"https:\/\/bcleanservicespro.com\/es\/#organization","name":"BClean Services Professional Cleaning","url":"https:\/\/bcleanservicespro.com\/es\/","logo":{"@type":"ImageObject","inLanguage":"es","@id":"https:\/\/bcleanservicespro.com\/es\/#\/schema\/logo\/image\/","url":"https:\/\/bcleanservicespro.com\/wp-content\/uploads\/2025\/12\/logo-bclean.png","contentUrl":"https:\/\/bcleanservicespro.com\/wp-content\/uploads\/2025\/12\/logo-bclean.png","width":169,"height":129,"caption":"BClean Services Professional Cleaning"},"image":{"@id":"https:\/\/bcleanservicespro.com\/es\/#\/schema\/logo\/image\/"}}]}},"_links":{"self":[{"href":"https:\/\/bcleanservicespro.com\/es\/wp-json\/wp\/v2\/pages\/1870","targetHints":{"allow":["GET"]}}],"collection":[{"href":"https:\/\/bcleanservicespro.com\/es\/wp-json\/wp\/v2\/pages"}],"about":[{"href":"https:\/\/bcleanservicespro.com\/es\/wp-json\/wp\/v2\/types\/page"}],"author":[{"embeddable":true,"href":"https:\/\/bcleanservicespro.com\/es\/wp-json\/wp\/v2\/users\/1"}],"replies":[{"embeddable":true,"href":"https:\/\/bcleanservicespro.com\/es\/wp-json\/wp\/v2\/comments?post=1870"}],"version-history":[{"count":0,"href":"https:\/\/bcleanservicespro.com\/es\/wp-json\/wp\/v2\/pages\/1870\/revisions"}],"wp:featuredmedia":[{"embeddable":true,"href":"https:\/\/bcleanservicespro.com\/es\/wp-json\/wp\/v2\/media\/1766"}],"wp:attachment":[{"href":"https:\/\/bcleanservicespro.com\/es\/wp-json\/wp\/v2\/media?parent=1870"}],"curies":[{"name":"wp","href":"https:\/\/api.w.org\/{rel}","templated":true}]}}